{"id":1066,"date":"2025-11-17T11:14:01","date_gmt":"2025-11-17T10:14:01","guid":{"rendered":"https:\/\/sonada.ai\/?page_id=1066"},"modified":"2026-03-13T10:55:29","modified_gmt":"2026-03-13T09:55:29","slug":"blog","status":"publish","type":"page","link":"https:\/\/sonada.ai\/pl\/blog\/","title":{"rendered":"Blog"},"content":{"rendered":"","protected":false},"excerpt":{"rendered":"","protected":false},"author":2,"featured_media":1170,"parent":0,"menu_order":0,"comment_status":"closed","ping_status":"closed","template":"news-template.php","meta":{"footnotes":""},"class_list":["post-1066","page","type-page","status-publish","has-post-thumbnail","hentry"],"acf":[],"yoast_head":"<!-- This site is optimized with the Yoast SEO plugin v27.4 - https:\/\/yoast.com\/product\/yoast-seo-wordpress\/ -->\n<title>Blog o widoczno\u015bci w AI | Sonada<\/title>\n<meta name=\"description\" content=\"Czytaj artyku\u0142y o widoczno\u015bci marek w ChatGPT i Google AI, strategii GEO oraz przysz\u0142o\u015bci SEO w erze sztucznej inteligencji.\" \/>\n<meta name=\"robots\" content=\"index, follow, max-snippet:-1, max-image-preview:large, max-video-preview:-1\" \/>\n<link rel=\"canonical\" href=\"https:\/\/sonada.ai\/pl\/blog\/\" \/>\n<meta property=\"og:locale\" content=\"pl_PL\" \/>\n<meta property=\"og:type\" content=\"article\" \/>\n<meta property=\"og:title\" content=\"Blog o widoczno\u015bci w AI | Sonada\" \/>\n<meta property=\"og:description\" content=\"Czytaj artyku\u0142y o widoczno\u015bci marek w ChatGPT i Google AI, strategii GEO oraz przysz\u0142o\u015bci SEO w erze sztucznej inteligencji.\" \/>\n<meta property=\"og:url\" content=\"https:\/\/sonada.ai\/pl\/blog\/\" \/>\n<meta property=\"og:site_name\" content=\"Sonada\" \/>\n<meta property=\"article:publisher\" content=\"https:\/\/www.facebook.com\/profile.php?id=61580518782913\" \/>\n<meta property=\"article:modified_time\" content=\"2026-03-13T09:55:29+00:00\" \/>\n<meta property=\"og:image\" content=\"https:\/\/sonada.ai\/wp-content\/uploads\/2026\/01\/ChatGPT-Image-28-sty-2026-14_49_23.png\" \/>\n\t<meta property=\"og:image:width\" content=\"1024\" \/>\n\t<meta property=\"og:image:height\" content=\"1024\" \/>\n\t<meta property=\"og:image:type\" content=\"image\/png\" \/>\n<meta name=\"twitter:card\" content=\"summary_large_image\" \/>\n<meta name=\"twitter:label1\" content=\"Szacowany czas czytania\" \/>\n\t<meta name=\"twitter:data1\" content=\"1 minuta\" \/>\n<script type=\"application\/ld+json\" class=\"yoast-schema-graph\">{\"@context\":\"https:\\\/\\\/schema.org\",\"@graph\":[{\"@type\":\"WebPage\",\"@id\":\"https:\\\/\\\/sonada.ai\\\/pl\\\/blog\\\/\",\"url\":\"https:\\\/\\\/sonada.ai\\\/pl\\\/blog\\\/\",\"name\":\"Blog o widoczno\u015bci w AI | Sonada\",\"isPartOf\":{\"@id\":\"https:\\\/\\\/sonada.ai\\\/#website\"},\"primaryImageOfPage\":{\"@id\":\"https:\\\/\\\/sonada.ai\\\/pl\\\/blog\\\/#primaryimage\"},\"image\":{\"@id\":\"https:\\\/\\\/sonada.ai\\\/pl\\\/blog\\\/#primaryimage\"},\"thumbnailUrl\":\"https:\\\/\\\/sonada.ai\\\/wp-content\\\/uploads\\\/2026\\\/01\\\/ChatGPT-Image-28-sty-2026-14_49_23.png\",\"datePublished\":\"2025-11-17T10:14:01+00:00\",\"dateModified\":\"2026-03-13T09:55:29+00:00\",\"description\":\"Czytaj artyku\u0142y o widoczno\u015bci marek w ChatGPT i Google AI, strategii GEO oraz przysz\u0142o\u015bci SEO w erze sztucznej inteligencji.\",\"breadcrumb\":{\"@id\":\"https:\\\/\\\/sonada.ai\\\/pl\\\/blog\\\/#breadcrumb\"},\"inLanguage\":\"pl-PL\",\"potentialAction\":[{\"@type\":\"ReadAction\",\"target\":[\"https:\\\/\\\/sonada.ai\\\/pl\\\/blog\\\/\"]}]},{\"@type\":\"ImageObject\",\"inLanguage\":\"pl-PL\",\"@id\":\"https:\\\/\\\/sonada.ai\\\/pl\\\/blog\\\/#primaryimage\",\"url\":\"https:\\\/\\\/sonada.ai\\\/wp-content\\\/uploads\\\/2026\\\/01\\\/ChatGPT-Image-28-sty-2026-14_49_23.png\",\"contentUrl\":\"https:\\\/\\\/sonada.ai\\\/wp-content\\\/uploads\\\/2026\\\/01\\\/ChatGPT-Image-28-sty-2026-14_49_23.png\",\"width\":1024,\"height\":1024,\"caption\":\"Logo Sonada\"},{\"@type\":\"BreadcrumbList\",\"@id\":\"https:\\\/\\\/sonada.ai\\\/pl\\\/blog\\\/#breadcrumb\",\"itemListElement\":[{\"@type\":\"ListItem\",\"position\":1,\"name\":\"Home\",\"item\":\"https:\\\/\\\/sonada.ai\\\/pl\\\/\"},{\"@type\":\"ListItem\",\"position\":2,\"name\":\"Blog\"}]},{\"@type\":\"WebSite\",\"@id\":\"https:\\\/\\\/sonada.ai\\\/#website\",\"url\":\"https:\\\/\\\/sonada.ai\\\/\",\"name\":\"Sonada\",\"description\":\"\",\"publisher\":{\"@id\":\"https:\\\/\\\/sonada.ai\\\/#organization\"},\"potentialAction\":[{\"@type\":\"SearchAction\",\"target\":{\"@type\":\"EntryPoint\",\"urlTemplate\":\"https:\\\/\\\/sonada.ai\\\/?s={search_term_string}\"},\"query-input\":{\"@type\":\"PropertyValueSpecification\",\"valueRequired\":true,\"valueName\":\"search_term_string\"}}],\"inLanguage\":\"pl-PL\"},{\"@type\":\"Organization\",\"@id\":\"https:\\\/\\\/sonada.ai\\\/#organization\",\"name\":\"Sonada\",\"url\":\"https:\\\/\\\/sonada.ai\\\/\",\"logo\":{\"@type\":\"ImageObject\",\"inLanguage\":\"pl-PL\",\"@id\":\"https:\\\/\\\/sonada.ai\\\/#\\\/schema\\\/logo\\\/image\\\/\",\"url\":\"https:\\\/\\\/sonada.ai\\\/wp-content\\\/uploads\\\/2025\\\/11\\\/favicon.png\",\"contentUrl\":\"https:\\\/\\\/sonada.ai\\\/wp-content\\\/uploads\\\/2025\\\/11\\\/favicon.png\",\"width\":100,\"height\":105,\"caption\":\"Sonada\"},\"image\":{\"@id\":\"https:\\\/\\\/sonada.ai\\\/#\\\/schema\\\/logo\\\/image\\\/\"},\"sameAs\":[\"https:\\\/\\\/www.facebook.com\\\/profile.php?id=61580518782913\",\"https:\\\/\\\/www.linkedin.com\\\/company\\\/sonada-ai\\\/\"]}]}<\/script>\n<!-- \/ Yoast SEO plugin. -->","yoast_head_json":{"title":"Blog o widoczno\u015bci w AI | Sonada","description":"Czytaj artyku\u0142y o widoczno\u015bci marek w ChatGPT i Google AI, strategii GEO oraz przysz\u0142o\u015bci SEO w erze sztucznej inteligencji.","robots":{"index":"index","follow":"follow","max-snippet":"max-snippet:-1","max-image-preview":"max-image-preview:large","max-video-preview":"max-video-preview:-1"},"canonical":"https:\/\/sonada.ai\/pl\/blog\/","og_locale":"pl_PL","og_type":"article","og_title":"Blog o widoczno\u015bci w AI | Sonada","og_description":"Czytaj artyku\u0142y o widoczno\u015bci marek w ChatGPT i Google AI, strategii GEO oraz przysz\u0142o\u015bci SEO w erze sztucznej inteligencji.","og_url":"https:\/\/sonada.ai\/pl\/blog\/","og_site_name":"Sonada","article_publisher":"https:\/\/www.facebook.com\/profile.php?id=61580518782913","article_modified_time":"2026-03-13T09:55:29+00:00","og_image":[{"width":1024,"height":1024,"url":"https:\/\/sonada.ai\/wp-content\/uploads\/2026\/01\/ChatGPT-Image-28-sty-2026-14_49_23.png","type":"image\/png"}],"twitter_card":"summary_large_image","twitter_misc":{"Szacowany czas czytania":"1 minuta"},"schema":{"@context":"https:\/\/schema.org","@graph":[{"@type":"WebPage","@id":"https:\/\/sonada.ai\/pl\/blog\/","url":"https:\/\/sonada.ai\/pl\/blog\/","name":"Blog o widoczno\u015bci w AI | Sonada","isPartOf":{"@id":"https:\/\/sonada.ai\/#website"},"primaryImageOfPage":{"@id":"https:\/\/sonada.ai\/pl\/blog\/#primaryimage"},"image":{"@id":"https:\/\/sonada.ai\/pl\/blog\/#primaryimage"},"thumbnailUrl":"https:\/\/sonada.ai\/wp-content\/uploads\/2026\/01\/ChatGPT-Image-28-sty-2026-14_49_23.png","datePublished":"2025-11-17T10:14:01+00:00","dateModified":"2026-03-13T09:55:29+00:00","description":"Czytaj artyku\u0142y o widoczno\u015bci marek w ChatGPT i Google AI, strategii GEO oraz przysz\u0142o\u015bci SEO w erze sztucznej inteligencji.","breadcrumb":{"@id":"https:\/\/sonada.ai\/pl\/blog\/#breadcrumb"},"inLanguage":"pl-PL","potentialAction":[{"@type":"ReadAction","target":["https:\/\/sonada.ai\/pl\/blog\/"]}]},{"@type":"ImageObject","inLanguage":"pl-PL","@id":"https:\/\/sonada.ai\/pl\/blog\/#primaryimage","url":"https:\/\/sonada.ai\/wp-content\/uploads\/2026\/01\/ChatGPT-Image-28-sty-2026-14_49_23.png","contentUrl":"https:\/\/sonada.ai\/wp-content\/uploads\/2026\/01\/ChatGPT-Image-28-sty-2026-14_49_23.png","width":1024,"height":1024,"caption":"Logo Sonada"},{"@type":"BreadcrumbList","@id":"https:\/\/sonada.ai\/pl\/blog\/#breadcrumb","itemListElement":[{"@type":"ListItem","position":1,"name":"Home","item":"https:\/\/sonada.ai\/pl\/"},{"@type":"ListItem","position":2,"name":"Blog"}]},{"@type":"WebSite","@id":"https:\/\/sonada.ai\/#website","url":"https:\/\/sonada.ai\/","name":"Sonada","description":"","publisher":{"@id":"https:\/\/sonada.ai\/#organization"},"potentialAction":[{"@type":"SearchAction","target":{"@type":"EntryPoint","urlTemplate":"https:\/\/sonada.ai\/?s={search_term_string}"},"query-input":{"@type":"PropertyValueSpecification","valueRequired":true,"valueName":"search_term_string"}}],"inLanguage":"pl-PL"},{"@type":"Organization","@id":"https:\/\/sonada.ai\/#organization","name":"Sonada","url":"https:\/\/sonada.ai\/","logo":{"@type":"ImageObject","inLanguage":"pl-PL","@id":"https:\/\/sonada.ai\/#\/schema\/logo\/image\/","url":"https:\/\/sonada.ai\/wp-content\/uploads\/2025\/11\/favicon.png","contentUrl":"https:\/\/sonada.ai\/wp-content\/uploads\/2025\/11\/favicon.png","width":100,"height":105,"caption":"Sonada"},"image":{"@id":"https:\/\/sonada.ai\/#\/schema\/logo\/image\/"},"sameAs":["https:\/\/www.facebook.com\/profile.php?id=61580518782913","https:\/\/www.linkedin.com\/company\/sonada-ai\/"]}]}},"_links":{"self":[{"href":"https:\/\/sonada.ai\/pl\/wp-json\/wp\/v2\/pages\/1066","targetHints":{"allow":["GET"]}}],"collection":[{"href":"https:\/\/sonada.ai\/pl\/wp-json\/wp\/v2\/pages"}],"about":[{"href":"https:\/\/sonada.ai\/pl\/wp-json\/wp\/v2\/types\/page"}],"author":[{"embeddable":true,"href":"https:\/\/sonada.ai\/pl\/wp-json\/wp\/v2\/users\/2"}],"replies":[{"embeddable":true,"href":"https:\/\/sonada.ai\/pl\/wp-json\/wp\/v2\/comments?post=1066"}],"version-history":[{"count":3,"href":"https:\/\/sonada.ai\/pl\/wp-json\/wp\/v2\/pages\/1066\/revisions"}],"predecessor-version":[{"id":1121,"href":"https:\/\/sonada.ai\/pl\/wp-json\/wp\/v2\/pages\/1066\/revisions\/1121"}],"wp:featuredmedia":[{"embeddable":true,"href":"https:\/\/sonada.ai\/pl\/wp-json\/wp\/v2\/media\/1170"}],"wp:attachment":[{"href":"https:\/\/sonada.ai\/pl\/wp-json\/wp\/v2\/media?parent=1066"}],"curies":[{"name":"wp","href":"https:\/\/api.w.org\/{rel}","templated":true}]}}